{"id":46,"date":"2021-03-10T11:47:12","date_gmt":"2021-03-10T10:47:12","guid":{"rendered":"https:\/\/yuso.brussels\/?page_id=46"},"modified":"2021-05-06T16:26:16","modified_gmt":"2021-05-06T14:26:16","slug":"livraison","status":"publish","type":"page","link":"https:\/\/yuso.brussels\/fr\/livraison\/","title":{"rendered":"Livraison &#038; Retours"},"content":{"rendered":"\n<h2 class=\"wp-block-heading\">Livraison &amp; Retours<\/h2>\n\n\n\n<p>Livraison gratuite en Belgique pour toute commande sup\u00e9rieure \u00e0 500 \u20ac.<br>Les tarifs de livraison sont les suivants :<\/p>\n\n\n\n<ul class=\"wp-block-list\"><li>Belgique, France, Luxembourg, Pays-Bas, Royaume-Uni, Allemagne : 10,00 \u20ac<\/li><li>Autriche, Bulgarie, Danemark, Espagne, Estonie, Finlande, Gr\u00e8ce, Hongrie, Irlande, Italie, Lettonie, Lituanie,Pologne, Portugal, Roumanie, Croatie, Slovaquie, Slov\u00e9nie, Su\u00e8de, R\u00e9publique Tch\u00e8que : 22,00 \u20ac<\/li><li>Reste de l&rsquo;Europe, Canada &amp; \u00c9tats-Unis: 28,00 \u20ac<\/li><li>Reste du monde: 40,00 \u20ac<\/li><\/ul>\n\n\n\n<p>Les frais de livraison sont ajout\u00e9s \u00e0 la caisse.<br>La livraison a lieu dans les :<\/p>\n\n\n\n<ul class=\"wp-block-list\"><li>1 \u00e0 2 jours ouvrables pour la Belgique&nbsp;;<\/li><li>2 \u00e0 10 jours ouvrables pour l\u2019Europe ;<\/li><li>6 \u00e0 15 jours ouvrables reste du monde.<\/li><\/ul>\n\n\n\n<p>Ces d\u00e9lais ne sont indiqu\u00e9s qu\u2019\u00e0 titre informatif.<br>La livraison des produits a lieu uniquement pendant les 5 jours ouvrables (aucune livraison ne sera ex\u00e9cut\u00e9e pendant le week-end ou cong\u00e9s l\u00e9gaux). L\u2019utilisateur est inform\u00e9 que toute commande enregistr\u00e9e sur le site le vendredi apr\u00e8s-midi ne sera trait\u00e9e que le lundi suivant.<br>La livraison est assur\u00e9e par Bpost.<br>Yuso.brussels d\u00e9cline toute responsabilit\u00e9 pour tout retard, perte des produits command\u00e9s ou de gr\u00e8ve dues aux services postaux ou de transport. Dans ces cas, l\u2019utilisateur devra entreprendre les d\u00e9marches appropri\u00e9es directement aupr\u00e8s des services postaux ou du transporteur.<\/p>\n\n\n\n<h2 class=\"wp-block-heading\">Retours<\/h2>\n\n\n\n<p>Pour toute demande de retour \/ \u00e9change \u2013 veuillez contacter <a href=\"mailto:info@yuso.brussels\">info@yuso.brussels<\/a> dans les 14 jours suivant la r\u00e9ception de votre commande. Le client est responsable des frais de retour des produits achet\u00e9s, sauf si le produit est d\u00e9fectueux et YUSO prendra en charge les frais de retour.<br>Les articles retourn\u00e9s, ne peuvent pas avoir \u00e9t\u00e9 utilis\u00e9s et doivent \u00eatre renvoy\u00e9s dans leur bo\u00eete d\u2019emballage d\u2019origine avec les accessoires, instructions, sac de protection inclus. Les retours endommag\u00e9s ou salis ne seront pas accept\u00e9s et pourront vous \u00eatre renvoy\u00e9s et\/ou le remboursement refus\u00e9.<br>Le(s) article(s) doit (doivent) \u00eatre retourn\u00e9(s) depuis le pays d&rsquo;exp\u00e9dition d&rsquo;origine avec le formulaire de retour original. Veuillez noter que nous ne pouvons pas rembourser les articles qui sont envoy\u00e9s sans aucun document de retour.<\/p>\n","protected":false},"excerpt":{"rendered":"<p>Livraison &amp; Retours Livraison gratuite en Belgique pour toute commande sup\u00e9rieure \u00e0 500 \u20ac.Les tarifs de livraison sont les suivants [&hellip;]<\/p>\n","protected":false},"author":1,"featured_media":0,"parent":0,"menu_order":0,"comment_status":"closed","ping_status":"closed","template":"","meta":{"footnotes":""},"class_list":["post-46","page","type-page","status-publish","hentry"],"acf":[],"yoast_head":"<!-- This site is optimized with the Yoast SEO plugin v27.3 - https:\/\/yoast.com\/product\/yoast-seo-wordpress\/ -->\n<title>Livraison &amp; Retours - Yuso<\/title>\n<meta name=\"description\" content=\"Plus qu\u2019un accessoire, le sac \u00e0 main YUSO est le symbole de la rencontre entre un savoir-faire ancestral et un vouloir-faire mieux.\" \/>\n<meta name=\"robots\" content=\"index, follow, max-snippet:-1, max-image-preview:large, max-video-preview:-1\" \/>\n<link rel=\"canonical\" href=\"https:\/\/yuso.brussels\/fr\/livraison\/\" \/>\n<meta property=\"og:locale\" content=\"fr_FR\" \/>\n<meta property=\"og:type\" content=\"article\" \/>\n<meta property=\"og:title\" content=\"Livraison &amp; Retours - Yuso\" \/>\n<meta property=\"og:description\" content=\"Plus qu\u2019un accessoire, le sac \u00e0 main YUSO est le symbole de la rencontre entre un savoir-faire ancestral et un vouloir-faire mieux.\" \/>\n<meta property=\"og:url\" content=\"https:\/\/yuso.brussels\/fr\/livraison\/\" \/>\n<meta property=\"og:site_name\" content=\"Yuso\" \/>\n<meta property=\"article:modified_time\" content=\"2021-05-06T14:26:16+00:00\" \/>\n<meta name=\"twitter:card\" content=\"summary_large_image\" \/>\n<meta name=\"twitter:label1\" content=\"Dur\u00e9e de lecture estim\u00e9e\" \/>\n\t<meta name=\"twitter:data1\" content=\"2 minutes\" \/>\n<script type=\"application\/ld+json\" class=\"yoast-schema-graph\">{\"@context\":\"https:\\\/\\\/schema.org\",\"@graph\":[{\"@type\":\"WebPage\",\"@id\":\"https:\\\/\\\/yuso.brussels\\\/fr\\\/livraison\\\/\",\"url\":\"https:\\\/\\\/yuso.brussels\\\/fr\\\/livraison\\\/\",\"name\":\"Livraison & Retours - Yuso\",\"isPartOf\":{\"@id\":\"https:\\\/\\\/yuso.brussels\\\/fr\\\/#website\"},\"datePublished\":\"2021-03-10T10:47:12+00:00\",\"dateModified\":\"2021-05-06T14:26:16+00:00\",\"description\":\"Plus qu\u2019un accessoire, le sac \u00e0 main YUSO est le symbole de la rencontre entre un savoir-faire ancestral et un vouloir-faire mieux.\",\"breadcrumb\":{\"@id\":\"https:\\\/\\\/yuso.brussels\\\/fr\\\/livraison\\\/#breadcrumb\"},\"inLanguage\":\"fr-FR\",\"potentialAction\":[{\"@type\":\"ReadAction\",\"target\":[\"https:\\\/\\\/yuso.brussels\\\/fr\\\/livraison\\\/\"]}]},{\"@type\":\"BreadcrumbList\",\"@id\":\"https:\\\/\\\/yuso.brussels\\\/fr\\\/livraison\\\/#breadcrumb\",\"itemListElement\":[{\"@type\":\"ListItem\",\"position\":1,\"name\":\"Accueil\",\"item\":\"https:\\\/\\\/yuso.brussels\\\/fr\\\/\"},{\"@type\":\"ListItem\",\"position\":2,\"name\":\"Livraison &#038; Retours\"}]},{\"@type\":\"WebSite\",\"@id\":\"https:\\\/\\\/yuso.brussels\\\/fr\\\/#website\",\"url\":\"https:\\\/\\\/yuso.brussels\\\/fr\\\/\",\"name\":\"Yuso\",\"description\":\"Sacs \u00e0 main de luxe, fabriqu\u00e9s en Belgique, respectueux de l&#039;artisanat et de l&#039;environnement et de ses ressources.\",\"publisher\":{\"@id\":\"https:\\\/\\\/yuso.brussels\\\/fr\\\/#organization\"},\"potentialAction\":[{\"@type\":\"SearchAction\",\"target\":{\"@type\":\"EntryPoint\",\"urlTemplate\":\"https:\\\/\\\/yuso.brussels\\\/fr\\\/?s={search_term_string}\"},\"query-input\":{\"@type\":\"PropertyValueSpecification\",\"valueRequired\":true,\"valueName\":\"search_term_string\"}}],\"inLanguage\":\"fr-FR\"},{\"@type\":\"Organization\",\"@id\":\"https:\\\/\\\/yuso.brussels\\\/fr\\\/#organization\",\"name\":\"Yuso\",\"url\":\"https:\\\/\\\/yuso.brussels\\\/fr\\\/\",\"logo\":{\"@type\":\"ImageObject\",\"inLanguage\":\"fr-FR\",\"@id\":\"https:\\\/\\\/yuso.brussels\\\/fr\\\/#\\\/schema\\\/logo\\\/image\\\/\",\"url\":\"https:\\\/\\\/yuso.brussels\\\/wp-content\\\/uploads\\\/2021\\\/03\\\/yuso-logo-dark.svg\",\"contentUrl\":\"https:\\\/\\\/yuso.brussels\\\/wp-content\\\/uploads\\\/2021\\\/03\\\/yuso-logo-dark.svg\",\"width\":291,\"height\":246,\"caption\":\"Yuso\"},\"image\":{\"@id\":\"https:\\\/\\\/yuso.brussels\\\/fr\\\/#\\\/schema\\\/logo\\\/image\\\/\"}}]}<\/script>\n<!-- \/ Yoast SEO plugin. -->","yoast_head_json":{"title":"Livraison & Retours - Yuso","description":"Plus qu\u2019un accessoire, le sac \u00e0 main YUSO est le symbole de la rencontre entre un savoir-faire ancestral et un vouloir-faire mieux.","robots":{"index":"index","follow":"follow","max-snippet":"max-snippet:-1","max-image-preview":"max-image-preview:large","max-video-preview":"max-video-preview:-1"},"canonical":"https:\/\/yuso.brussels\/fr\/livraison\/","og_locale":"fr_FR","og_type":"article","og_title":"Livraison & Retours - Yuso","og_description":"Plus qu\u2019un accessoire, le sac \u00e0 main YUSO est le symbole de la rencontre entre un savoir-faire ancestral et un vouloir-faire mieux.","og_url":"https:\/\/yuso.brussels\/fr\/livraison\/","og_site_name":"Yuso","article_modified_time":"2021-05-06T14:26:16+00:00","twitter_card":"summary_large_image","twitter_misc":{"Dur\u00e9e de lecture estim\u00e9e":"2 minutes"},"schema":{"@context":"https:\/\/schema.org","@graph":[{"@type":"WebPage","@id":"https:\/\/yuso.brussels\/fr\/livraison\/","url":"https:\/\/yuso.brussels\/fr\/livraison\/","name":"Livraison & Retours - Yuso","isPartOf":{"@id":"https:\/\/yuso.brussels\/fr\/#website"},"datePublished":"2021-03-10T10:47:12+00:00","dateModified":"2021-05-06T14:26:16+00:00","description":"Plus qu\u2019un accessoire, le sac \u00e0 main YUSO est le symbole de la rencontre entre un savoir-faire ancestral et un vouloir-faire mieux.","breadcrumb":{"@id":"https:\/\/yuso.brussels\/fr\/livraison\/#breadcrumb"},"inLanguage":"fr-FR","potentialAction":[{"@type":"ReadAction","target":["https:\/\/yuso.brussels\/fr\/livraison\/"]}]},{"@type":"BreadcrumbList","@id":"https:\/\/yuso.brussels\/fr\/livraison\/#breadcrumb","itemListElement":[{"@type":"ListItem","position":1,"name":"Accueil","item":"https:\/\/yuso.brussels\/fr\/"},{"@type":"ListItem","position":2,"name":"Livraison &#038; Retours"}]},{"@type":"WebSite","@id":"https:\/\/yuso.brussels\/fr\/#website","url":"https:\/\/yuso.brussels\/fr\/","name":"Yuso","description":"Sacs \u00e0 main de luxe, fabriqu\u00e9s en Belgique, respectueux de l&#039;artisanat et de l&#039;environnement et de ses ressources.","publisher":{"@id":"https:\/\/yuso.brussels\/fr\/#organization"},"potentialAction":[{"@type":"SearchAction","target":{"@type":"EntryPoint","urlTemplate":"https:\/\/yuso.brussels\/fr\/?s={search_term_string}"},"query-input":{"@type":"PropertyValueSpecification","valueRequired":true,"valueName":"search_term_string"}}],"inLanguage":"fr-FR"},{"@type":"Organization","@id":"https:\/\/yuso.brussels\/fr\/#organization","name":"Yuso","url":"https:\/\/yuso.brussels\/fr\/","logo":{"@type":"ImageObject","inLanguage":"fr-FR","@id":"https:\/\/yuso.brussels\/fr\/#\/schema\/logo\/image\/","url":"https:\/\/yuso.brussels\/wp-content\/uploads\/2021\/03\/yuso-logo-dark.svg","contentUrl":"https:\/\/yuso.brussels\/wp-content\/uploads\/2021\/03\/yuso-logo-dark.svg","width":291,"height":246,"caption":"Yuso"},"image":{"@id":"https:\/\/yuso.brussels\/fr\/#\/schema\/logo\/image\/"}}]}},"_links":{"self":[{"href":"https:\/\/yuso.brussels\/fr\/wp-json\/wp\/v2\/pages\/46","targetHints":{"allow":["GET"]}}],"collection":[{"href":"https:\/\/yuso.brussels\/fr\/wp-json\/wp\/v2\/pages"}],"about":[{"href":"https:\/\/yuso.brussels\/fr\/wp-json\/wp\/v2\/types\/page"}],"author":[{"embeddable":true,"href":"https:\/\/yuso.brussels\/fr\/wp-json\/wp\/v2\/users\/1"}],"replies":[{"embeddable":true,"href":"https:\/\/yuso.brussels\/fr\/wp-json\/wp\/v2\/comments?post=46"}],"version-history":[{"count":5,"href":"https:\/\/yuso.brussels\/fr\/wp-json\/wp\/v2\/pages\/46\/revisions"}],"predecessor-version":[{"id":1610,"href":"https:\/\/yuso.brussels\/fr\/wp-json\/wp\/v2\/pages\/46\/revisions\/1610"}],"wp:attachment":[{"href":"https:\/\/yuso.brussels\/fr\/wp-json\/wp\/v2\/media?parent=46"}],"curies":[{"name":"wp","href":"https:\/\/api.w.org\/{rel}","templated":true}]}}