{"id":1425,"date":"2021-04-30T22:42:43","date_gmt":"2021-04-30T20:42:43","guid":{"rendered":"https:\/\/yuso.brussels\/?post_type=product&#038;p=1425"},"modified":"2025-10-19T22:43:57","modified_gmt":"2025-10-19T20:43:57","slug":"gaelle-noir","status":"publish","type":"product","link":"https:\/\/yuso.brussels\/fr\/produit\/gaelle-noir\/","title":{"rendered":"Ga\u00eblle Noir"},"content":{"rendered":"","protected":false},"excerpt":{"rendered":"<div>\n<p>Tout dernier mod\u00e8le de la marque, portant le pr\u00e9nom de la cr\u00e9atrice: Ga\u00eblle.<\/p>\n<\/div>\n<div>\n<p>Ce nouveau sac intemporel et unique s&rsquo;inspire de l&rsquo;origami, l&rsquo;art du pliage japonais.<\/p>\n<\/div>\n<div>\n<p>Un design minimalist aux lignes \u00e9pur\u00e9es.<\/p>\n<\/div>\n<div>\n<p>Le sac Ga\u00eblle se porte \u00e0 la main, au bras ou \u00e0 l&rsquo;\u00e9paule.<\/p>\n<\/div>\n<div>\n<p>Le sac est livr\u00e9 avec un crochet de sac \u00e0 main pliable.<\/p>\n<\/div>\n","protected":false},"featured_media":1493,"template":"","meta":[],"product_cat":[15,24],"product_tag":[28],"class_list":["post-1425","product","type-product","status-publish","has-post-thumbnail","hentry","product_cat-handbags","product_cat-gaelle","product_tag-femmes"],"acf":[],"yoast_head":"<!-- This site is optimized with the Yoast SEO plugin v27.4 - https:\/\/yoast.com\/product\/yoast-seo-wordpress\/ -->\n<title>Ga\u00eblle Noir - Yuso<\/title>\n<meta name=\"robots\" content=\"index, follow, max-snippet:-1, max-image-preview:large, max-video-preview:-1\" \/>\n<link rel=\"canonical\" href=\"https:\/\/yuso.brussels\/fr\/produit\/gaelle-noir\/\" \/>\n<meta property=\"og:locale\" content=\"fr_FR\" \/>\n<meta property=\"og:type\" content=\"article\" \/>\n<meta property=\"og:title\" content=\"Ga\u00eblle Noir - Yuso\" \/>\n<meta property=\"og:description\" content=\"Tout dernier mod\u00e8le de la marque, portant le pr\u00e9nom de la cr\u00e9atrice: Ga\u00eblle.     Ce nouveau sac intemporel et unique s&#039;inspire de l&#039;origami, l&#039;art du pliage japonais.     Un design minimalist aux lignes \u00e9pur\u00e9es.     Le sac Ga\u00eblle se porte \u00e0 la main, au bras ou \u00e0 l&#039;\u00e9paule.     Le sac est livr\u00e9 avec un crochet de sac \u00e0 main pliable.\" \/>\n<meta property=\"og:url\" content=\"https:\/\/yuso.brussels\/fr\/produit\/gaelle-noir\/\" \/>\n<meta property=\"og:site_name\" content=\"Yuso\" \/>\n<meta property=\"article:modified_time\" content=\"2025-10-19T20:43:57+00:00\" \/>\n<meta property=\"og:image\" content=\"https:\/\/yuso.brussels\/wp-content\/uploads\/2021\/04\/YUSO-Gaelle-Bag-Black-scaled-1.png\" \/>\n\t<meta property=\"og:image:width\" content=\"1466\" \/>\n\t<meta property=\"og:image:height\" content=\"1500\" \/>\n\t<meta property=\"og:image:type\" content=\"image\/png\" \/>\n<meta name=\"twitter:card\" content=\"summary_large_image\" \/>\n<meta name=\"twitter:label1\" content=\"Dur\u00e9e de lecture estim\u00e9e\" \/>\n\t<meta name=\"twitter:data1\" content=\"1 minute\" \/>\n<script type=\"application\/ld+json\" class=\"yoast-schema-graph\">{\"@context\":\"https:\\\/\\\/schema.org\",\"@graph\":[{\"@type\":\"WebPage\",\"@id\":\"https:\\\/\\\/yuso.brussels\\\/fr\\\/produit\\\/gaelle-noir\\\/\",\"url\":\"https:\\\/\\\/yuso.brussels\\\/fr\\\/produit\\\/gaelle-noir\\\/\",\"name\":\"Ga\u00eblle Noir - Yuso\",\"isPartOf\":{\"@id\":\"https:\\\/\\\/yuso.brussels\\\/fr\\\/#website\"},\"primaryImageOfPage\":{\"@id\":\"https:\\\/\\\/yuso.brussels\\\/fr\\\/produit\\\/gaelle-noir\\\/#primaryimage\"},\"image\":{\"@id\":\"https:\\\/\\\/yuso.brussels\\\/fr\\\/produit\\\/gaelle-noir\\\/#primaryimage\"},\"thumbnailUrl\":\"https:\\\/\\\/yuso.brussels\\\/wp-content\\\/uploads\\\/2021\\\/04\\\/YUSO-Gaelle-Bag-Black-scaled-1.png\",\"datePublished\":\"2021-04-30T20:42:43+00:00\",\"dateModified\":\"2025-10-19T20:43:57+00:00\",\"breadcrumb\":{\"@id\":\"https:\\\/\\\/yuso.brussels\\\/fr\\\/produit\\\/gaelle-noir\\\/#breadcrumb\"},\"inLanguage\":\"fr-FR\",\"potentialAction\":[{\"@type\":\"ReadAction\",\"target\":[\"https:\\\/\\\/yuso.brussels\\\/fr\\\/produit\\\/gaelle-noir\\\/\"]}]},{\"@type\":\"ImageObject\",\"inLanguage\":\"fr-FR\",\"@id\":\"https:\\\/\\\/yuso.brussels\\\/fr\\\/produit\\\/gaelle-noir\\\/#primaryimage\",\"url\":\"https:\\\/\\\/yuso.brussels\\\/wp-content\\\/uploads\\\/2021\\\/04\\\/YUSO-Gaelle-Bag-Black-scaled-1.png\",\"contentUrl\":\"https:\\\/\\\/yuso.brussels\\\/wp-content\\\/uploads\\\/2021\\\/04\\\/YUSO-Gaelle-Bag-Black-scaled-1.png\",\"width\":1466,\"height\":1500},{\"@type\":\"BreadcrumbList\",\"@id\":\"https:\\\/\\\/yuso.brussels\\\/fr\\\/produit\\\/gaelle-noir\\\/#breadcrumb\",\"itemListElement\":[{\"@type\":\"ListItem\",\"position\":1,\"name\":\"Accueil\",\"item\":\"https:\\\/\\\/yuso.brussels\\\/fr\\\/\"},{\"@type\":\"ListItem\",\"position\":2,\"name\":\"Boutique\",\"item\":\"https:\\\/\\\/yuso.brussels\\\/fr\\\/boutique\\\/\"},{\"@type\":\"ListItem\",\"position\":3,\"name\":\"Ga\u00eblle Noir\"}]},{\"@type\":\"WebSite\",\"@id\":\"https:\\\/\\\/yuso.brussels\\\/fr\\\/#website\",\"url\":\"https:\\\/\\\/yuso.brussels\\\/fr\\\/\",\"name\":\"Yuso\",\"description\":\"Sacs \u00e0 main de luxe, fabriqu\u00e9s en Belgique, respectueux de l&#039;artisanat et de l&#039;environnement et de ses ressources.\",\"publisher\":{\"@id\":\"https:\\\/\\\/yuso.brussels\\\/fr\\\/#organization\"},\"potentialAction\":[{\"@type\":\"SearchAction\",\"target\":{\"@type\":\"EntryPoint\",\"urlTemplate\":\"https:\\\/\\\/yuso.brussels\\\/fr\\\/?s={search_term_string}\"},\"query-input\":{\"@type\":\"PropertyValueSpecification\",\"valueRequired\":true,\"valueName\":\"search_term_string\"}}],\"inLanguage\":\"fr-FR\"},{\"@type\":\"Organization\",\"@id\":\"https:\\\/\\\/yuso.brussels\\\/fr\\\/#organization\",\"name\":\"Yuso\",\"url\":\"https:\\\/\\\/yuso.brussels\\\/fr\\\/\",\"logo\":{\"@type\":\"ImageObject\",\"inLanguage\":\"fr-FR\",\"@id\":\"https:\\\/\\\/yuso.brussels\\\/fr\\\/#\\\/schema\\\/logo\\\/image\\\/\",\"url\":\"https:\\\/\\\/yuso.brussels\\\/wp-content\\\/uploads\\\/2021\\\/03\\\/yuso-logo-dark.svg\",\"contentUrl\":\"https:\\\/\\\/yuso.brussels\\\/wp-content\\\/uploads\\\/2021\\\/03\\\/yuso-logo-dark.svg\",\"width\":291,\"height\":246,\"caption\":\"Yuso\"},\"image\":{\"@id\":\"https:\\\/\\\/yuso.brussels\\\/fr\\\/#\\\/schema\\\/logo\\\/image\\\/\"}}]}<\/script>\n<!-- \/ Yoast SEO plugin. -->","yoast_head_json":{"title":"Ga\u00eblle Noir - Yuso","robots":{"index":"index","follow":"follow","max-snippet":"max-snippet:-1","max-image-preview":"max-image-preview:large","max-video-preview":"max-video-preview:-1"},"canonical":"https:\/\/yuso.brussels\/fr\/produit\/gaelle-noir\/","og_locale":"fr_FR","og_type":"article","og_title":"Ga\u00eblle Noir - Yuso","og_description":"Tout dernier mod\u00e8le de la marque, portant le pr\u00e9nom de la cr\u00e9atrice: Ga\u00eblle.     Ce nouveau sac intemporel et unique s'inspire de l'origami, l'art du pliage japonais.     Un design minimalist aux lignes \u00e9pur\u00e9es.     Le sac Ga\u00eblle se porte \u00e0 la main, au bras ou \u00e0 l'\u00e9paule.     Le sac est livr\u00e9 avec un crochet de sac \u00e0 main pliable.","og_url":"https:\/\/yuso.brussels\/fr\/produit\/gaelle-noir\/","og_site_name":"Yuso","article_modified_time":"2025-10-19T20:43:57+00:00","og_image":[{"width":1466,"height":1500,"url":"https:\/\/yuso.brussels\/wp-content\/uploads\/2021\/04\/YUSO-Gaelle-Bag-Black-scaled-1.png","type":"image\/png"}],"twitter_card":"summary_large_image","twitter_misc":{"Dur\u00e9e de lecture estim\u00e9e":"1 minute"},"schema":{"@context":"https:\/\/schema.org","@graph":[{"@type":"WebPage","@id":"https:\/\/yuso.brussels\/fr\/produit\/gaelle-noir\/","url":"https:\/\/yuso.brussels\/fr\/produit\/gaelle-noir\/","name":"Ga\u00eblle Noir - Yuso","isPartOf":{"@id":"https:\/\/yuso.brussels\/fr\/#website"},"primaryImageOfPage":{"@id":"https:\/\/yuso.brussels\/fr\/produit\/gaelle-noir\/#primaryimage"},"image":{"@id":"https:\/\/yuso.brussels\/fr\/produit\/gaelle-noir\/#primaryimage"},"thumbnailUrl":"https:\/\/yuso.brussels\/wp-content\/uploads\/2021\/04\/YUSO-Gaelle-Bag-Black-scaled-1.png","datePublished":"2021-04-30T20:42:43+00:00","dateModified":"2025-10-19T20:43:57+00:00","breadcrumb":{"@id":"https:\/\/yuso.brussels\/fr\/produit\/gaelle-noir\/#breadcrumb"},"inLanguage":"fr-FR","potentialAction":[{"@type":"ReadAction","target":["https:\/\/yuso.brussels\/fr\/produit\/gaelle-noir\/"]}]},{"@type":"ImageObject","inLanguage":"fr-FR","@id":"https:\/\/yuso.brussels\/fr\/produit\/gaelle-noir\/#primaryimage","url":"https:\/\/yuso.brussels\/wp-content\/uploads\/2021\/04\/YUSO-Gaelle-Bag-Black-scaled-1.png","contentUrl":"https:\/\/yuso.brussels\/wp-content\/uploads\/2021\/04\/YUSO-Gaelle-Bag-Black-scaled-1.png","width":1466,"height":1500},{"@type":"BreadcrumbList","@id":"https:\/\/yuso.brussels\/fr\/produit\/gaelle-noir\/#breadcrumb","itemListElement":[{"@type":"ListItem","position":1,"name":"Accueil","item":"https:\/\/yuso.brussels\/fr\/"},{"@type":"ListItem","position":2,"name":"Boutique","item":"https:\/\/yuso.brussels\/fr\/boutique\/"},{"@type":"ListItem","position":3,"name":"Ga\u00eblle Noir"}]},{"@type":"WebSite","@id":"https:\/\/yuso.brussels\/fr\/#website","url":"https:\/\/yuso.brussels\/fr\/","name":"Yuso","description":"Sacs \u00e0 main de luxe, fabriqu\u00e9s en Belgique, respectueux de l&#039;artisanat et de l&#039;environnement et de ses ressources.","publisher":{"@id":"https:\/\/yuso.brussels\/fr\/#organization"},"potentialAction":[{"@type":"SearchAction","target":{"@type":"EntryPoint","urlTemplate":"https:\/\/yuso.brussels\/fr\/?s={search_term_string}"},"query-input":{"@type":"PropertyValueSpecification","valueRequired":true,"valueName":"search_term_string"}}],"inLanguage":"fr-FR"},{"@type":"Organization","@id":"https:\/\/yuso.brussels\/fr\/#organization","name":"Yuso","url":"https:\/\/yuso.brussels\/fr\/","logo":{"@type":"ImageObject","inLanguage":"fr-FR","@id":"https:\/\/yuso.brussels\/fr\/#\/schema\/logo\/image\/","url":"https:\/\/yuso.brussels\/wp-content\/uploads\/2021\/03\/yuso-logo-dark.svg","contentUrl":"https:\/\/yuso.brussels\/wp-content\/uploads\/2021\/03\/yuso-logo-dark.svg","width":291,"height":246,"caption":"Yuso"},"image":{"@id":"https:\/\/yuso.brussels\/fr\/#\/schema\/logo\/image\/"}}]}},"_links":{"self":[{"href":"https:\/\/yuso.brussels\/fr\/wp-json\/wp\/v2\/product\/1425","targetHints":{"allow":["GET"]}}],"collection":[{"href":"https:\/\/yuso.brussels\/fr\/wp-json\/wp\/v2\/product"}],"about":[{"href":"https:\/\/yuso.brussels\/fr\/wp-json\/wp\/v2\/types\/product"}],"wp:featuredmedia":[{"embeddable":true,"href":"https:\/\/yuso.brussels\/fr\/wp-json\/wp\/v2\/media\/1493"}],"wp:attachment":[{"href":"https:\/\/yuso.brussels\/fr\/wp-json\/wp\/v2\/media?parent=1425"}],"wp:term":[{"taxonomy":"product_cat","embeddable":true,"href":"https:\/\/yuso.brussels\/fr\/wp-json\/wp\/v2\/product_cat?post=1425"},{"taxonomy":"product_tag","embeddable":true,"href":"https:\/\/yuso.brussels\/fr\/wp-json\/wp\/v2\/product_tag?post=1425"}],"curies":[{"name":"wp","href":"https:\/\/api.w.org\/{rel}","templated":true}]}}