{"id":1855,"date":"2021-09-16T22:00:58","date_gmt":"2021-09-16T20:00:58","guid":{"rendered":"https:\/\/yuso.brussels\/?post_type=product&#038;p=1855"},"modified":"2024-03-13T12:23:56","modified_gmt":"2024-03-13T11:23:56","slug":"pochette-cuir-jade-noir","status":"publish","type":"product","link":"https:\/\/yuso.brussels\/fr\/produit\/pochette-cuir-jade-noir\/","title":{"rendered":"Pochette Jade Noir"},"content":{"rendered":"","protected":false},"excerpt":{"rendered":"<p>La pochette Jade est assortie aux sacs de la collection Jade.<\/p>\n<p>Pratique et \u00e9l\u00e9gante, elle se porte en toute occasion en journ\u00e9e comme en soir\u00e9e.<\/p>\n<p>La pochette Jade se porte \u00e0 la main ou en bandouli\u00e8re.<\/p>\n","protected":false},"featured_media":1871,"template":"","meta":[],"product_cat":[15,219],"product_tag":[28],"class_list":["post-1855","product","type-product","status-publish","has-post-thumbnail","hentry","product_cat-handbags","product_cat-pochettes","product_tag-femmes"],"acf":[],"yoast_head":"<!-- This site is optimized with the Yoast SEO plugin v27.4 - https:\/\/yoast.com\/product\/yoast-seo-wordpress\/ -->\n<title>Pochette Jade Noir - Yuso<\/title>\n<meta name=\"description\" content=\"Pochette en cuir, \u00e9l\u00e9gante et pratique avec bandouli\u00e8re amovible. Pochette cr\u00e9\u00e9e et produite en Belgique avec du surplus de cuir.\" \/>\n<meta name=\"robots\" content=\"index, follow, max-snippet:-1, max-image-preview:large, max-video-preview:-1\" \/>\n<link rel=\"canonical\" href=\"https:\/\/yuso.brussels\/fr\/produit\/pochette-cuir-jade-noir\/\" \/>\n<meta property=\"og:locale\" content=\"fr_FR\" \/>\n<meta property=\"og:type\" content=\"article\" \/>\n<meta property=\"og:title\" content=\"Pochette Jade Noir - Yuso\" \/>\n<meta property=\"og:description\" content=\"Pochette en cuir, \u00e9l\u00e9gante et pratique avec bandouli\u00e8re amovible. Pochette cr\u00e9\u00e9e et produite en Belgique avec du surplus de cuir.\" \/>\n<meta property=\"og:url\" content=\"https:\/\/yuso.brussels\/fr\/produit\/pochette-cuir-jade-noir\/\" \/>\n<meta property=\"og:site_name\" content=\"Yuso\" \/>\n<meta property=\"article:modified_time\" content=\"2024-03-13T11:23:56+00:00\" \/>\n<meta property=\"og:image\" content=\"https:\/\/yuso.brussels\/wp-content\/uploads\/2021\/09\/YUSO-Jade-Clutch-Black-e1636132232510.png\" \/>\n\t<meta property=\"og:image:width\" content=\"1000\" \/>\n\t<meta property=\"og:image:height\" content=\"1000\" \/>\n\t<meta property=\"og:image:type\" content=\"image\/png\" \/>\n<meta name=\"twitter:card\" content=\"summary_large_image\" \/>\n<meta name=\"twitter:label1\" content=\"Dur\u00e9e de lecture estim\u00e9e\" \/>\n\t<meta name=\"twitter:data1\" content=\"1 minute\" \/>\n<script type=\"application\/ld+json\" class=\"yoast-schema-graph\">{\"@context\":\"https:\\\/\\\/schema.org\",\"@graph\":[{\"@type\":\"WebPage\",\"@id\":\"https:\\\/\\\/yuso.brussels\\\/fr\\\/produit\\\/pochette-cuir-jade-noir\\\/\",\"url\":\"https:\\\/\\\/yuso.brussels\\\/fr\\\/produit\\\/pochette-cuir-jade-noir\\\/\",\"name\":\"Pochette Jade Noir - Yuso\",\"isPartOf\":{\"@id\":\"https:\\\/\\\/yuso.brussels\\\/fr\\\/#website\"},\"primaryImageOfPage\":{\"@id\":\"https:\\\/\\\/yuso.brussels\\\/fr\\\/produit\\\/pochette-cuir-jade-noir\\\/#primaryimage\"},\"image\":{\"@id\":\"https:\\\/\\\/yuso.brussels\\\/fr\\\/produit\\\/pochette-cuir-jade-noir\\\/#primaryimage\"},\"thumbnailUrl\":\"https:\\\/\\\/yuso.brussels\\\/wp-content\\\/uploads\\\/2021\\\/09\\\/YUSO-Jade-Clutch-Black-e1636132232510.png\",\"datePublished\":\"2021-09-16T20:00:58+00:00\",\"dateModified\":\"2024-03-13T11:23:56+00:00\",\"description\":\"Pochette en cuir, \u00e9l\u00e9gante et pratique avec bandouli\u00e8re amovible. Pochette cr\u00e9\u00e9e et produite en Belgique avec du surplus de cuir.\",\"breadcrumb\":{\"@id\":\"https:\\\/\\\/yuso.brussels\\\/fr\\\/produit\\\/pochette-cuir-jade-noir\\\/#breadcrumb\"},\"inLanguage\":\"fr-FR\",\"potentialAction\":[{\"@type\":\"ReadAction\",\"target\":[\"https:\\\/\\\/yuso.brussels\\\/fr\\\/produit\\\/pochette-cuir-jade-noir\\\/\"]}]},{\"@type\":\"ImageObject\",\"inLanguage\":\"fr-FR\",\"@id\":\"https:\\\/\\\/yuso.brussels\\\/fr\\\/produit\\\/pochette-cuir-jade-noir\\\/#primaryimage\",\"url\":\"https:\\\/\\\/yuso.brussels\\\/wp-content\\\/uploads\\\/2021\\\/09\\\/YUSO-Jade-Clutch-Black-e1636132232510.png\",\"contentUrl\":\"https:\\\/\\\/yuso.brussels\\\/wp-content\\\/uploads\\\/2021\\\/09\\\/YUSO-Jade-Clutch-Black-e1636132232510.png\",\"width\":1000,\"height\":1000,\"caption\":\"Pochette en cuir Jade Noir\"},{\"@type\":\"BreadcrumbList\",\"@id\":\"https:\\\/\\\/yuso.brussels\\\/fr\\\/produit\\\/pochette-cuir-jade-noir\\\/#breadcrumb\",\"itemListElement\":[{\"@type\":\"ListItem\",\"position\":1,\"name\":\"Accueil\",\"item\":\"https:\\\/\\\/yuso.brussels\\\/fr\\\/\"},{\"@type\":\"ListItem\",\"position\":2,\"name\":\"Boutique\",\"item\":\"https:\\\/\\\/yuso.brussels\\\/fr\\\/boutique\\\/\"},{\"@type\":\"ListItem\",\"position\":3,\"name\":\"Pochette Jade Noir\"}]},{\"@type\":\"WebSite\",\"@id\":\"https:\\\/\\\/yuso.brussels\\\/fr\\\/#website\",\"url\":\"https:\\\/\\\/yuso.brussels\\\/fr\\\/\",\"name\":\"Yuso\",\"description\":\"Sacs \u00e0 main de luxe, fabriqu\u00e9s en Belgique, respectueux de l&#039;artisanat et de l&#039;environnement et de ses ressources.\",\"publisher\":{\"@id\":\"https:\\\/\\\/yuso.brussels\\\/fr\\\/#organization\"},\"potentialAction\":[{\"@type\":\"SearchAction\",\"target\":{\"@type\":\"EntryPoint\",\"urlTemplate\":\"https:\\\/\\\/yuso.brussels\\\/fr\\\/?s={search_term_string}\"},\"query-input\":{\"@type\":\"PropertyValueSpecification\",\"valueRequired\":true,\"valueName\":\"search_term_string\"}}],\"inLanguage\":\"fr-FR\"},{\"@type\":\"Organization\",\"@id\":\"https:\\\/\\\/yuso.brussels\\\/fr\\\/#organization\",\"name\":\"Yuso\",\"url\":\"https:\\\/\\\/yuso.brussels\\\/fr\\\/\",\"logo\":{\"@type\":\"ImageObject\",\"inLanguage\":\"fr-FR\",\"@id\":\"https:\\\/\\\/yuso.brussels\\\/fr\\\/#\\\/schema\\\/logo\\\/image\\\/\",\"url\":\"https:\\\/\\\/yuso.brussels\\\/wp-content\\\/uploads\\\/2021\\\/03\\\/yuso-logo-dark.svg\",\"contentUrl\":\"https:\\\/\\\/yuso.brussels\\\/wp-content\\\/uploads\\\/2021\\\/03\\\/yuso-logo-dark.svg\",\"width\":291,\"height\":246,\"caption\":\"Yuso\"},\"image\":{\"@id\":\"https:\\\/\\\/yuso.brussels\\\/fr\\\/#\\\/schema\\\/logo\\\/image\\\/\"}}]}<\/script>\n<!-- \/ Yoast SEO plugin. -->","yoast_head_json":{"title":"Pochette Jade Noir - Yuso","description":"Pochette en cuir, \u00e9l\u00e9gante et pratique avec bandouli\u00e8re amovible. Pochette cr\u00e9\u00e9e et produite en Belgique avec du surplus de cuir.","robots":{"index":"index","follow":"follow","max-snippet":"max-snippet:-1","max-image-preview":"max-image-preview:large","max-video-preview":"max-video-preview:-1"},"canonical":"https:\/\/yuso.brussels\/fr\/produit\/pochette-cuir-jade-noir\/","og_locale":"fr_FR","og_type":"article","og_title":"Pochette Jade Noir - Yuso","og_description":"Pochette en cuir, \u00e9l\u00e9gante et pratique avec bandouli\u00e8re amovible. Pochette cr\u00e9\u00e9e et produite en Belgique avec du surplus de cuir.","og_url":"https:\/\/yuso.brussels\/fr\/produit\/pochette-cuir-jade-noir\/","og_site_name":"Yuso","article_modified_time":"2024-03-13T11:23:56+00:00","og_image":[{"width":1000,"height":1000,"url":"https:\/\/yuso.brussels\/wp-content\/uploads\/2021\/09\/YUSO-Jade-Clutch-Black-e1636132232510.png","type":"image\/png"}],"twitter_card":"summary_large_image","twitter_misc":{"Dur\u00e9e de lecture estim\u00e9e":"1 minute"},"schema":{"@context":"https:\/\/schema.org","@graph":[{"@type":"WebPage","@id":"https:\/\/yuso.brussels\/fr\/produit\/pochette-cuir-jade-noir\/","url":"https:\/\/yuso.brussels\/fr\/produit\/pochette-cuir-jade-noir\/","name":"Pochette Jade Noir - Yuso","isPartOf":{"@id":"https:\/\/yuso.brussels\/fr\/#website"},"primaryImageOfPage":{"@id":"https:\/\/yuso.brussels\/fr\/produit\/pochette-cuir-jade-noir\/#primaryimage"},"image":{"@id":"https:\/\/yuso.brussels\/fr\/produit\/pochette-cuir-jade-noir\/#primaryimage"},"thumbnailUrl":"https:\/\/yuso.brussels\/wp-content\/uploads\/2021\/09\/YUSO-Jade-Clutch-Black-e1636132232510.png","datePublished":"2021-09-16T20:00:58+00:00","dateModified":"2024-03-13T11:23:56+00:00","description":"Pochette en cuir, \u00e9l\u00e9gante et pratique avec bandouli\u00e8re amovible. Pochette cr\u00e9\u00e9e et produite en Belgique avec du surplus de cuir.","breadcrumb":{"@id":"https:\/\/yuso.brussels\/fr\/produit\/pochette-cuir-jade-noir\/#breadcrumb"},"inLanguage":"fr-FR","potentialAction":[{"@type":"ReadAction","target":["https:\/\/yuso.brussels\/fr\/produit\/pochette-cuir-jade-noir\/"]}]},{"@type":"ImageObject","inLanguage":"fr-FR","@id":"https:\/\/yuso.brussels\/fr\/produit\/pochette-cuir-jade-noir\/#primaryimage","url":"https:\/\/yuso.brussels\/wp-content\/uploads\/2021\/09\/YUSO-Jade-Clutch-Black-e1636132232510.png","contentUrl":"https:\/\/yuso.brussels\/wp-content\/uploads\/2021\/09\/YUSO-Jade-Clutch-Black-e1636132232510.png","width":1000,"height":1000,"caption":"Pochette en cuir Jade Noir"},{"@type":"BreadcrumbList","@id":"https:\/\/yuso.brussels\/fr\/produit\/pochette-cuir-jade-noir\/#breadcrumb","itemListElement":[{"@type":"ListItem","position":1,"name":"Accueil","item":"https:\/\/yuso.brussels\/fr\/"},{"@type":"ListItem","position":2,"name":"Boutique","item":"https:\/\/yuso.brussels\/fr\/boutique\/"},{"@type":"ListItem","position":3,"name":"Pochette Jade Noir"}]},{"@type":"WebSite","@id":"https:\/\/yuso.brussels\/fr\/#website","url":"https:\/\/yuso.brussels\/fr\/","name":"Yuso","description":"Sacs \u00e0 main de luxe, fabriqu\u00e9s en Belgique, respectueux de l&#039;artisanat et de l&#039;environnement et de ses ressources.","publisher":{"@id":"https:\/\/yuso.brussels\/fr\/#organization"},"potentialAction":[{"@type":"SearchAction","target":{"@type":"EntryPoint","urlTemplate":"https:\/\/yuso.brussels\/fr\/?s={search_term_string}"},"query-input":{"@type":"PropertyValueSpecification","valueRequired":true,"valueName":"search_term_string"}}],"inLanguage":"fr-FR"},{"@type":"Organization","@id":"https:\/\/yuso.brussels\/fr\/#organization","name":"Yuso","url":"https:\/\/yuso.brussels\/fr\/","logo":{"@type":"ImageObject","inLanguage":"fr-FR","@id":"https:\/\/yuso.brussels\/fr\/#\/schema\/logo\/image\/","url":"https:\/\/yuso.brussels\/wp-content\/uploads\/2021\/03\/yuso-logo-dark.svg","contentUrl":"https:\/\/yuso.brussels\/wp-content\/uploads\/2021\/03\/yuso-logo-dark.svg","width":291,"height":246,"caption":"Yuso"},"image":{"@id":"https:\/\/yuso.brussels\/fr\/#\/schema\/logo\/image\/"}}]}},"_links":{"self":[{"href":"https:\/\/yuso.brussels\/fr\/wp-json\/wp\/v2\/product\/1855","targetHints":{"allow":["GET"]}}],"collection":[{"href":"https:\/\/yuso.brussels\/fr\/wp-json\/wp\/v2\/product"}],"about":[{"href":"https:\/\/yuso.brussels\/fr\/wp-json\/wp\/v2\/types\/product"}],"wp:featuredmedia":[{"embeddable":true,"href":"https:\/\/yuso.brussels\/fr\/wp-json\/wp\/v2\/media\/1871"}],"wp:attachment":[{"href":"https:\/\/yuso.brussels\/fr\/wp-json\/wp\/v2\/media?parent=1855"}],"wp:term":[{"taxonomy":"product_cat","embeddable":true,"href":"https:\/\/yuso.brussels\/fr\/wp-json\/wp\/v2\/product_cat?post=1855"},{"taxonomy":"product_tag","embeddable":true,"href":"https:\/\/yuso.brussels\/fr\/wp-json\/wp\/v2\/product_tag?post=1855"}],"curies":[{"name":"wp","href":"https:\/\/api.w.org\/{rel}","templated":true}]}}