{"id":2720,"date":"2024-03-12T17:40:02","date_gmt":"2024-03-12T16:40:02","guid":{"rendered":"https:\/\/yuso.brussels\/?post_type=product&#038;p=2720"},"modified":"2024-03-13T11:44:36","modified_gmt":"2024-03-13T10:44:36","slug":"jade-vert-olive","status":"publish","type":"product","link":"https:\/\/yuso.brussels\/fr\/produit\/jade-vert-olive\/","title":{"rendered":"Jade Vert Olive"},"content":{"rendered":"","protected":false},"excerpt":{"rendered":"<p>La collection Jade est inspir\u00e9e par les origines de la cr\u00e9atrice, la Cor\u00e9e du Sud. Le design du sac Jade est \u00e9pur\u00e9, chic et \u00e9l\u00e9gant. Le sac se porte \u00e0 la main, au bras ou \u00e0 l\u2019\u00e9paule.<\/p>\n","protected":false},"featured_media":1563,"template":"","meta":[],"product_cat":[15,20,23,32],"product_tag":[28],"class_list":["post-2720","product","type-product","status-publish","has-post-thumbnail","hentry","product_cat-handbags","product_cat-models","product_cat-jade","product_cat-nouveautes","product_tag-femmes"],"acf":[],"yoast_head":"<!-- This site is optimized with the Yoast SEO plugin v27.3 - https:\/\/yoast.com\/product\/yoast-seo-wordpress\/ -->\n<title>Jade Vert Olive - Yuso<\/title>\n<meta name=\"robots\" content=\"index, follow, max-snippet:-1, max-image-preview:large, max-video-preview:-1\" \/>\n<link rel=\"canonical\" href=\"https:\/\/yuso.brussels\/fr\/produit\/jade-vert-olive\/\" \/>\n<meta property=\"og:locale\" content=\"fr_FR\" \/>\n<meta property=\"og:type\" content=\"article\" \/>\n<meta property=\"og:title\" content=\"Jade Vert Olive - Yuso\" \/>\n<meta property=\"og:description\" content=\"La collection Jade est inspir\u00e9e par les origines de la cr\u00e9atrice, la Cor\u00e9e du Sud. Le design du sac Jade est \u00e9pur\u00e9, chic et \u00e9l\u00e9gant. Le sac se porte \u00e0 la main, au bras ou \u00e0 l\u2019\u00e9paule.\" \/>\n<meta property=\"og:url\" content=\"https:\/\/yuso.brussels\/fr\/produit\/jade-vert-olive\/\" \/>\n<meta property=\"og:site_name\" content=\"Yuso\" \/>\n<meta property=\"article:modified_time\" content=\"2024-03-13T10:44:36+00:00\" \/>\n<meta property=\"og:image\" content=\"https:\/\/yuso.brussels\/wp-content\/uploads\/2021\/05\/YUSO-sac-Jade-vert-olive-1-1-1024x1024.png\" \/>\n\t<meta property=\"og:image:width\" content=\"1024\" \/>\n\t<meta property=\"og:image:height\" content=\"1024\" \/>\n\t<meta property=\"og:image:type\" content=\"image\/png\" \/>\n<meta name=\"twitter:card\" content=\"summary_large_image\" \/>\n<meta name=\"twitter:label1\" content=\"Dur\u00e9e de lecture estim\u00e9e\" \/>\n\t<meta name=\"twitter:data1\" content=\"1 minute\" \/>\n<script type=\"application\/ld+json\" class=\"yoast-schema-graph\">{\"@context\":\"https:\\\/\\\/schema.org\",\"@graph\":[{\"@type\":\"WebPage\",\"@id\":\"https:\\\/\\\/yuso.brussels\\\/fr\\\/produit\\\/jade-vert-olive\\\/\",\"url\":\"https:\\\/\\\/yuso.brussels\\\/fr\\\/produit\\\/jade-vert-olive\\\/\",\"name\":\"Jade Vert Olive - Yuso\",\"isPartOf\":{\"@id\":\"https:\\\/\\\/yuso.brussels\\\/fr\\\/#website\"},\"primaryImageOfPage\":{\"@id\":\"https:\\\/\\\/yuso.brussels\\\/fr\\\/produit\\\/jade-vert-olive\\\/#primaryimage\"},\"image\":{\"@id\":\"https:\\\/\\\/yuso.brussels\\\/fr\\\/produit\\\/jade-vert-olive\\\/#primaryimage\"},\"thumbnailUrl\":\"https:\\\/\\\/yuso.brussels\\\/wp-content\\\/uploads\\\/2021\\\/05\\\/YUSO-sac-Jade-vert-olive-1-1.png\",\"datePublished\":\"2024-03-12T16:40:02+00:00\",\"dateModified\":\"2024-03-13T10:44:36+00:00\",\"breadcrumb\":{\"@id\":\"https:\\\/\\\/yuso.brussels\\\/fr\\\/produit\\\/jade-vert-olive\\\/#breadcrumb\"},\"inLanguage\":\"fr-FR\",\"potentialAction\":[{\"@type\":\"ReadAction\",\"target\":[\"https:\\\/\\\/yuso.brussels\\\/fr\\\/produit\\\/jade-vert-olive\\\/\"]}]},{\"@type\":\"ImageObject\",\"inLanguage\":\"fr-FR\",\"@id\":\"https:\\\/\\\/yuso.brussels\\\/fr\\\/produit\\\/jade-vert-olive\\\/#primaryimage\",\"url\":\"https:\\\/\\\/yuso.brussels\\\/wp-content\\\/uploads\\\/2021\\\/05\\\/YUSO-sac-Jade-vert-olive-1-1.png\",\"contentUrl\":\"https:\\\/\\\/yuso.brussels\\\/wp-content\\\/uploads\\\/2021\\\/05\\\/YUSO-sac-Jade-vert-olive-1-1.png\",\"width\":1500,\"height\":1498},{\"@type\":\"BreadcrumbList\",\"@id\":\"https:\\\/\\\/yuso.brussels\\\/fr\\\/produit\\\/jade-vert-olive\\\/#breadcrumb\",\"itemListElement\":[{\"@type\":\"ListItem\",\"position\":1,\"name\":\"Accueil\",\"item\":\"https:\\\/\\\/yuso.brussels\\\/fr\\\/\"},{\"@type\":\"ListItem\",\"position\":2,\"name\":\"Boutique\",\"item\":\"https:\\\/\\\/yuso.brussels\\\/fr\\\/boutique\\\/\"},{\"@type\":\"ListItem\",\"position\":3,\"name\":\"Jade Vert Olive\"}]},{\"@type\":\"WebSite\",\"@id\":\"https:\\\/\\\/yuso.brussels\\\/fr\\\/#website\",\"url\":\"https:\\\/\\\/yuso.brussels\\\/fr\\\/\",\"name\":\"Yuso\",\"description\":\"Sacs \u00e0 main de luxe, fabriqu\u00e9s en Belgique, respectueux de l&#039;artisanat et de l&#039;environnement et de ses ressources.\",\"publisher\":{\"@id\":\"https:\\\/\\\/yuso.brussels\\\/fr\\\/#organization\"},\"potentialAction\":[{\"@type\":\"SearchAction\",\"target\":{\"@type\":\"EntryPoint\",\"urlTemplate\":\"https:\\\/\\\/yuso.brussels\\\/fr\\\/?s={search_term_string}\"},\"query-input\":{\"@type\":\"PropertyValueSpecification\",\"valueRequired\":true,\"valueName\":\"search_term_string\"}}],\"inLanguage\":\"fr-FR\"},{\"@type\":\"Organization\",\"@id\":\"https:\\\/\\\/yuso.brussels\\\/fr\\\/#organization\",\"name\":\"Yuso\",\"url\":\"https:\\\/\\\/yuso.brussels\\\/fr\\\/\",\"logo\":{\"@type\":\"ImageObject\",\"inLanguage\":\"fr-FR\",\"@id\":\"https:\\\/\\\/yuso.brussels\\\/fr\\\/#\\\/schema\\\/logo\\\/image\\\/\",\"url\":\"https:\\\/\\\/yuso.brussels\\\/wp-content\\\/uploads\\\/2021\\\/03\\\/yuso-logo-dark.svg\",\"contentUrl\":\"https:\\\/\\\/yuso.brussels\\\/wp-content\\\/uploads\\\/2021\\\/03\\\/yuso-logo-dark.svg\",\"width\":291,\"height\":246,\"caption\":\"Yuso\"},\"image\":{\"@id\":\"https:\\\/\\\/yuso.brussels\\\/fr\\\/#\\\/schema\\\/logo\\\/image\\\/\"}}]}<\/script>\n<!-- \/ Yoast SEO plugin. -->","yoast_head_json":{"title":"Jade Vert Olive - Yuso","robots":{"index":"index","follow":"follow","max-snippet":"max-snippet:-1","max-image-preview":"max-image-preview:large","max-video-preview":"max-video-preview:-1"},"canonical":"https:\/\/yuso.brussels\/fr\/produit\/jade-vert-olive\/","og_locale":"fr_FR","og_type":"article","og_title":"Jade Vert Olive - Yuso","og_description":"La collection Jade est inspir\u00e9e par les origines de la cr\u00e9atrice, la Cor\u00e9e du Sud. Le design du sac Jade est \u00e9pur\u00e9, chic et \u00e9l\u00e9gant. Le sac se porte \u00e0 la main, au bras ou \u00e0 l\u2019\u00e9paule.","og_url":"https:\/\/yuso.brussels\/fr\/produit\/jade-vert-olive\/","og_site_name":"Yuso","article_modified_time":"2024-03-13T10:44:36+00:00","og_image":[{"width":1024,"height":1024,"url":"https:\/\/yuso.brussels\/wp-content\/uploads\/2021\/05\/YUSO-sac-Jade-vert-olive-1-1-1024x1024.png","type":"image\/png"}],"twitter_card":"summary_large_image","twitter_misc":{"Dur\u00e9e de lecture estim\u00e9e":"1 minute"},"schema":{"@context":"https:\/\/schema.org","@graph":[{"@type":"WebPage","@id":"https:\/\/yuso.brussels\/fr\/produit\/jade-vert-olive\/","url":"https:\/\/yuso.brussels\/fr\/produit\/jade-vert-olive\/","name":"Jade Vert Olive - Yuso","isPartOf":{"@id":"https:\/\/yuso.brussels\/fr\/#website"},"primaryImageOfPage":{"@id":"https:\/\/yuso.brussels\/fr\/produit\/jade-vert-olive\/#primaryimage"},"image":{"@id":"https:\/\/yuso.brussels\/fr\/produit\/jade-vert-olive\/#primaryimage"},"thumbnailUrl":"https:\/\/yuso.brussels\/wp-content\/uploads\/2021\/05\/YUSO-sac-Jade-vert-olive-1-1.png","datePublished":"2024-03-12T16:40:02+00:00","dateModified":"2024-03-13T10:44:36+00:00","breadcrumb":{"@id":"https:\/\/yuso.brussels\/fr\/produit\/jade-vert-olive\/#breadcrumb"},"inLanguage":"fr-FR","potentialAction":[{"@type":"ReadAction","target":["https:\/\/yuso.brussels\/fr\/produit\/jade-vert-olive\/"]}]},{"@type":"ImageObject","inLanguage":"fr-FR","@id":"https:\/\/yuso.brussels\/fr\/produit\/jade-vert-olive\/#primaryimage","url":"https:\/\/yuso.brussels\/wp-content\/uploads\/2021\/05\/YUSO-sac-Jade-vert-olive-1-1.png","contentUrl":"https:\/\/yuso.brussels\/wp-content\/uploads\/2021\/05\/YUSO-sac-Jade-vert-olive-1-1.png","width":1500,"height":1498},{"@type":"BreadcrumbList","@id":"https:\/\/yuso.brussels\/fr\/produit\/jade-vert-olive\/#breadcrumb","itemListElement":[{"@type":"ListItem","position":1,"name":"Accueil","item":"https:\/\/yuso.brussels\/fr\/"},{"@type":"ListItem","position":2,"name":"Boutique","item":"https:\/\/yuso.brussels\/fr\/boutique\/"},{"@type":"ListItem","position":3,"name":"Jade Vert Olive"}]},{"@type":"WebSite","@id":"https:\/\/yuso.brussels\/fr\/#website","url":"https:\/\/yuso.brussels\/fr\/","name":"Yuso","description":"Sacs \u00e0 main de luxe, fabriqu\u00e9s en Belgique, respectueux de l&#039;artisanat et de l&#039;environnement et de ses ressources.","publisher":{"@id":"https:\/\/yuso.brussels\/fr\/#organization"},"potentialAction":[{"@type":"SearchAction","target":{"@type":"EntryPoint","urlTemplate":"https:\/\/yuso.brussels\/fr\/?s={search_term_string}"},"query-input":{"@type":"PropertyValueSpecification","valueRequired":true,"valueName":"search_term_string"}}],"inLanguage":"fr-FR"},{"@type":"Organization","@id":"https:\/\/yuso.brussels\/fr\/#organization","name":"Yuso","url":"https:\/\/yuso.brussels\/fr\/","logo":{"@type":"ImageObject","inLanguage":"fr-FR","@id":"https:\/\/yuso.brussels\/fr\/#\/schema\/logo\/image\/","url":"https:\/\/yuso.brussels\/wp-content\/uploads\/2021\/03\/yuso-logo-dark.svg","contentUrl":"https:\/\/yuso.brussels\/wp-content\/uploads\/2021\/03\/yuso-logo-dark.svg","width":291,"height":246,"caption":"Yuso"},"image":{"@id":"https:\/\/yuso.brussels\/fr\/#\/schema\/logo\/image\/"}}]}},"_links":{"self":[{"href":"https:\/\/yuso.brussels\/fr\/wp-json\/wp\/v2\/product\/2720","targetHints":{"allow":["GET"]}}],"collection":[{"href":"https:\/\/yuso.brussels\/fr\/wp-json\/wp\/v2\/product"}],"about":[{"href":"https:\/\/yuso.brussels\/fr\/wp-json\/wp\/v2\/types\/product"}],"wp:featuredmedia":[{"embeddable":true,"href":"https:\/\/yuso.brussels\/fr\/wp-json\/wp\/v2\/media\/1563"}],"wp:attachment":[{"href":"https:\/\/yuso.brussels\/fr\/wp-json\/wp\/v2\/media?parent=2720"}],"wp:term":[{"taxonomy":"product_cat","embeddable":true,"href":"https:\/\/yuso.brussels\/fr\/wp-json\/wp\/v2\/product_cat?post=2720"},{"taxonomy":"product_tag","embeddable":true,"href":"https:\/\/yuso.brussels\/fr\/wp-json\/wp\/v2\/product_tag?post=2720"}],"curies":[{"name":"wp","href":"https:\/\/api.w.org\/{rel}","templated":true}]}}