{"id":2860,"date":"2025-05-03T12:19:42","date_gmt":"2025-05-03T10:19:42","guid":{"rendered":"https:\/\/yuso.brussels\/?post_type=product&#038;p=2860"},"modified":"2026-01-19T19:09:27","modified_gmt":"2026-01-19T18:09:27","slug":"mini-brigitte-fuchsia","status":"publish","type":"product","link":"https:\/\/yuso.brussels\/fr\/produit\/mini-brigitte-fuchsia\/","title":{"rendered":"Mini Brigitte Fuchsia"},"content":{"rendered":"","protected":false},"excerpt":{"rendered":"<p>Le sac Mini Brigitte est inspir\u00e9 des robes g\u00e9om\u00e9triques du cr\u00e9ateur de mode Courr\u00e8ges. Chic et intemporel.<br \/>\nUn sublime accessoire pour transporter toutes vos affaires essentielles! De plus est \u00e9thique et durable: fabriqu\u00e9 avec des surplus de cuir!<\/p>\n","protected":false},"featured_media":2864,"template":"","meta":[],"product_cat":[15,26],"product_tag":[28],"class_list":["post-2860","product","type-product","status-publish","has-post-thumbnail","hentry","product_cat-handbags","product_cat-mini-brigitte","product_tag-femmes"],"acf":[],"yoast_head":"<!-- This site is optimized with the Yoast SEO plugin v27.3 - https:\/\/yoast.com\/product\/yoast-seo-wordpress\/ -->\n<title>Mini Brigitte Fuchsia - Yuso<\/title>\n<meta name=\"robots\" content=\"index, follow, max-snippet:-1, max-image-preview:large, max-video-preview:-1\" \/>\n<link rel=\"canonical\" href=\"https:\/\/yuso.brussels\/fr\/produit\/mini-brigitte-fuchsia\/\" \/>\n<meta property=\"og:locale\" content=\"fr_FR\" \/>\n<meta property=\"og:type\" content=\"article\" \/>\n<meta property=\"og:title\" content=\"Mini Brigitte Fuchsia - Yuso\" \/>\n<meta property=\"og:description\" content=\"Le sac Mini Brigitte est inspir\u00e9 des robes g\u00e9om\u00e9triques du cr\u00e9ateur de mode Courr\u00e8ges. Chic et intemporel. Un sublime accessoire pour transporter toutes vos affaires essentielles! De plus est \u00e9thique et durable: fabriqu\u00e9 avec des surplus de cuir!\" \/>\n<meta property=\"og:url\" content=\"https:\/\/yuso.brussels\/fr\/produit\/mini-brigitte-fuchsia\/\" \/>\n<meta property=\"og:site_name\" content=\"Yuso\" \/>\n<meta property=\"article:modified_time\" content=\"2026-01-19T18:09:27+00:00\" \/>\n<meta property=\"og:image\" content=\"https:\/\/yuso.brussels\/wp-content\/uploads\/2025\/05\/YUSO-Mini-Brigitte-bag-Fuchsia.jpg\" \/>\n\t<meta property=\"og:image:width\" content=\"945\" \/>\n\t<meta property=\"og:image:height\" content=\"1181\" \/>\n\t<meta property=\"og:image:type\" content=\"image\/jpeg\" \/>\n<meta name=\"twitter:card\" content=\"summary_large_image\" \/>\n<meta name=\"twitter:label1\" content=\"Dur\u00e9e de lecture estim\u00e9e\" \/>\n\t<meta name=\"twitter:data1\" content=\"1 minute\" \/>\n<script type=\"application\/ld+json\" class=\"yoast-schema-graph\">{\"@context\":\"https:\\\/\\\/schema.org\",\"@graph\":[{\"@type\":\"WebPage\",\"@id\":\"https:\\\/\\\/yuso.brussels\\\/fr\\\/produit\\\/mini-brigitte-fuchsia\\\/\",\"url\":\"https:\\\/\\\/yuso.brussels\\\/fr\\\/produit\\\/mini-brigitte-fuchsia\\\/\",\"name\":\"Mini Brigitte Fuchsia - Yuso\",\"isPartOf\":{\"@id\":\"https:\\\/\\\/yuso.brussels\\\/fr\\\/#website\"},\"primaryImageOfPage\":{\"@id\":\"https:\\\/\\\/yuso.brussels\\\/fr\\\/produit\\\/mini-brigitte-fuchsia\\\/#primaryimage\"},\"image\":{\"@id\":\"https:\\\/\\\/yuso.brussels\\\/fr\\\/produit\\\/mini-brigitte-fuchsia\\\/#primaryimage\"},\"thumbnailUrl\":\"https:\\\/\\\/yuso.brussels\\\/wp-content\\\/uploads\\\/2025\\\/05\\\/YUSO-Mini-Brigitte-bag-Fuchsia.jpg\",\"datePublished\":\"2025-05-03T10:19:42+00:00\",\"dateModified\":\"2026-01-19T18:09:27+00:00\",\"breadcrumb\":{\"@id\":\"https:\\\/\\\/yuso.brussels\\\/fr\\\/produit\\\/mini-brigitte-fuchsia\\\/#breadcrumb\"},\"inLanguage\":\"fr-FR\",\"potentialAction\":[{\"@type\":\"ReadAction\",\"target\":[\"https:\\\/\\\/yuso.brussels\\\/fr\\\/produit\\\/mini-brigitte-fuchsia\\\/\"]}]},{\"@type\":\"ImageObject\",\"inLanguage\":\"fr-FR\",\"@id\":\"https:\\\/\\\/yuso.brussels\\\/fr\\\/produit\\\/mini-brigitte-fuchsia\\\/#primaryimage\",\"url\":\"https:\\\/\\\/yuso.brussels\\\/wp-content\\\/uploads\\\/2025\\\/05\\\/YUSO-Mini-Brigitte-bag-Fuchsia.jpg\",\"contentUrl\":\"https:\\\/\\\/yuso.brussels\\\/wp-content\\\/uploads\\\/2025\\\/05\\\/YUSO-Mini-Brigitte-bag-Fuchsia.jpg\",\"width\":945,\"height\":1181},{\"@type\":\"BreadcrumbList\",\"@id\":\"https:\\\/\\\/yuso.brussels\\\/fr\\\/produit\\\/mini-brigitte-fuchsia\\\/#breadcrumb\",\"itemListElement\":[{\"@type\":\"ListItem\",\"position\":1,\"name\":\"Accueil\",\"item\":\"https:\\\/\\\/yuso.brussels\\\/fr\\\/\"},{\"@type\":\"ListItem\",\"position\":2,\"name\":\"Boutique\",\"item\":\"https:\\\/\\\/yuso.brussels\\\/fr\\\/boutique\\\/\"},{\"@type\":\"ListItem\",\"position\":3,\"name\":\"Mini Brigitte Fuchsia\"}]},{\"@type\":\"WebSite\",\"@id\":\"https:\\\/\\\/yuso.brussels\\\/fr\\\/#website\",\"url\":\"https:\\\/\\\/yuso.brussels\\\/fr\\\/\",\"name\":\"Yuso\",\"description\":\"Sacs \u00e0 main de luxe, fabriqu\u00e9s en Belgique, respectueux de l&#039;artisanat et de l&#039;environnement et de ses ressources.\",\"publisher\":{\"@id\":\"https:\\\/\\\/yuso.brussels\\\/fr\\\/#organization\"},\"potentialAction\":[{\"@type\":\"SearchAction\",\"target\":{\"@type\":\"EntryPoint\",\"urlTemplate\":\"https:\\\/\\\/yuso.brussels\\\/fr\\\/?s={search_term_string}\"},\"query-input\":{\"@type\":\"PropertyValueSpecification\",\"valueRequired\":true,\"valueName\":\"search_term_string\"}}],\"inLanguage\":\"fr-FR\"},{\"@type\":\"Organization\",\"@id\":\"https:\\\/\\\/yuso.brussels\\\/fr\\\/#organization\",\"name\":\"Yuso\",\"url\":\"https:\\\/\\\/yuso.brussels\\\/fr\\\/\",\"logo\":{\"@type\":\"ImageObject\",\"inLanguage\":\"fr-FR\",\"@id\":\"https:\\\/\\\/yuso.brussels\\\/fr\\\/#\\\/schema\\\/logo\\\/image\\\/\",\"url\":\"https:\\\/\\\/yuso.brussels\\\/wp-content\\\/uploads\\\/2021\\\/03\\\/yuso-logo-dark.svg\",\"contentUrl\":\"https:\\\/\\\/yuso.brussels\\\/wp-content\\\/uploads\\\/2021\\\/03\\\/yuso-logo-dark.svg\",\"width\":291,\"height\":246,\"caption\":\"Yuso\"},\"image\":{\"@id\":\"https:\\\/\\\/yuso.brussels\\\/fr\\\/#\\\/schema\\\/logo\\\/image\\\/\"}}]}<\/script>\n<!-- \/ Yoast SEO plugin. -->","yoast_head_json":{"title":"Mini Brigitte Fuchsia - Yuso","robots":{"index":"index","follow":"follow","max-snippet":"max-snippet:-1","max-image-preview":"max-image-preview:large","max-video-preview":"max-video-preview:-1"},"canonical":"https:\/\/yuso.brussels\/fr\/produit\/mini-brigitte-fuchsia\/","og_locale":"fr_FR","og_type":"article","og_title":"Mini Brigitte Fuchsia - Yuso","og_description":"Le sac Mini Brigitte est inspir\u00e9 des robes g\u00e9om\u00e9triques du cr\u00e9ateur de mode Courr\u00e8ges. Chic et intemporel. Un sublime accessoire pour transporter toutes vos affaires essentielles! De plus est \u00e9thique et durable: fabriqu\u00e9 avec des surplus de cuir!","og_url":"https:\/\/yuso.brussels\/fr\/produit\/mini-brigitte-fuchsia\/","og_site_name":"Yuso","article_modified_time":"2026-01-19T18:09:27+00:00","og_image":[{"width":945,"height":1181,"url":"https:\/\/yuso.brussels\/wp-content\/uploads\/2025\/05\/YUSO-Mini-Brigitte-bag-Fuchsia.jpg","type":"image\/jpeg"}],"twitter_card":"summary_large_image","twitter_misc":{"Dur\u00e9e de lecture estim\u00e9e":"1 minute"},"schema":{"@context":"https:\/\/schema.org","@graph":[{"@type":"WebPage","@id":"https:\/\/yuso.brussels\/fr\/produit\/mini-brigitte-fuchsia\/","url":"https:\/\/yuso.brussels\/fr\/produit\/mini-brigitte-fuchsia\/","name":"Mini Brigitte Fuchsia - Yuso","isPartOf":{"@id":"https:\/\/yuso.brussels\/fr\/#website"},"primaryImageOfPage":{"@id":"https:\/\/yuso.brussels\/fr\/produit\/mini-brigitte-fuchsia\/#primaryimage"},"image":{"@id":"https:\/\/yuso.brussels\/fr\/produit\/mini-brigitte-fuchsia\/#primaryimage"},"thumbnailUrl":"https:\/\/yuso.brussels\/wp-content\/uploads\/2025\/05\/YUSO-Mini-Brigitte-bag-Fuchsia.jpg","datePublished":"2025-05-03T10:19:42+00:00","dateModified":"2026-01-19T18:09:27+00:00","breadcrumb":{"@id":"https:\/\/yuso.brussels\/fr\/produit\/mini-brigitte-fuchsia\/#breadcrumb"},"inLanguage":"fr-FR","potentialAction":[{"@type":"ReadAction","target":["https:\/\/yuso.brussels\/fr\/produit\/mini-brigitte-fuchsia\/"]}]},{"@type":"ImageObject","inLanguage":"fr-FR","@id":"https:\/\/yuso.brussels\/fr\/produit\/mini-brigitte-fuchsia\/#primaryimage","url":"https:\/\/yuso.brussels\/wp-content\/uploads\/2025\/05\/YUSO-Mini-Brigitte-bag-Fuchsia.jpg","contentUrl":"https:\/\/yuso.brussels\/wp-content\/uploads\/2025\/05\/YUSO-Mini-Brigitte-bag-Fuchsia.jpg","width":945,"height":1181},{"@type":"BreadcrumbList","@id":"https:\/\/yuso.brussels\/fr\/produit\/mini-brigitte-fuchsia\/#breadcrumb","itemListElement":[{"@type":"ListItem","position":1,"name":"Accueil","item":"https:\/\/yuso.brussels\/fr\/"},{"@type":"ListItem","position":2,"name":"Boutique","item":"https:\/\/yuso.brussels\/fr\/boutique\/"},{"@type":"ListItem","position":3,"name":"Mini Brigitte Fuchsia"}]},{"@type":"WebSite","@id":"https:\/\/yuso.brussels\/fr\/#website","url":"https:\/\/yuso.brussels\/fr\/","name":"Yuso","description":"Sacs \u00e0 main de luxe, fabriqu\u00e9s en Belgique, respectueux de l&#039;artisanat et de l&#039;environnement et de ses ressources.","publisher":{"@id":"https:\/\/yuso.brussels\/fr\/#organization"},"potentialAction":[{"@type":"SearchAction","target":{"@type":"EntryPoint","urlTemplate":"https:\/\/yuso.brussels\/fr\/?s={search_term_string}"},"query-input":{"@type":"PropertyValueSpecification","valueRequired":true,"valueName":"search_term_string"}}],"inLanguage":"fr-FR"},{"@type":"Organization","@id":"https:\/\/yuso.brussels\/fr\/#organization","name":"Yuso","url":"https:\/\/yuso.brussels\/fr\/","logo":{"@type":"ImageObject","inLanguage":"fr-FR","@id":"https:\/\/yuso.brussels\/fr\/#\/schema\/logo\/image\/","url":"https:\/\/yuso.brussels\/wp-content\/uploads\/2021\/03\/yuso-logo-dark.svg","contentUrl":"https:\/\/yuso.brussels\/wp-content\/uploads\/2021\/03\/yuso-logo-dark.svg","width":291,"height":246,"caption":"Yuso"},"image":{"@id":"https:\/\/yuso.brussels\/fr\/#\/schema\/logo\/image\/"}}]}},"_links":{"self":[{"href":"https:\/\/yuso.brussels\/fr\/wp-json\/wp\/v2\/product\/2860","targetHints":{"allow":["GET"]}}],"collection":[{"href":"https:\/\/yuso.brussels\/fr\/wp-json\/wp\/v2\/product"}],"about":[{"href":"https:\/\/yuso.brussels\/fr\/wp-json\/wp\/v2\/types\/product"}],"wp:featuredmedia":[{"embeddable":true,"href":"https:\/\/yuso.brussels\/fr\/wp-json\/wp\/v2\/media\/2864"}],"wp:attachment":[{"href":"https:\/\/yuso.brussels\/fr\/wp-json\/wp\/v2\/media?parent=2860"}],"wp:term":[{"taxonomy":"product_cat","embeddable":true,"href":"https:\/\/yuso.brussels\/fr\/wp-json\/wp\/v2\/product_cat?post=2860"},{"taxonomy":"product_tag","embeddable":true,"href":"https:\/\/yuso.brussels\/fr\/wp-json\/wp\/v2\/product_tag?post=2860"}],"curies":[{"name":"wp","href":"https:\/\/api.w.org\/{rel}","templated":true}]}}