{"id":907,"date":"2021-03-10T11:47:12","date_gmt":"2021-03-10T10:47:12","guid":{"rendered":"https:\/\/yuso.brussels\/livraison\/"},"modified":"2021-05-06T20:45:13","modified_gmt":"2021-05-06T18:45:13","slug":"verzending-en-retourpolitiek","status":"publish","type":"page","link":"https:\/\/yuso.brussels\/nl\/verzending-en-retourpolitiek\/","title":{"rendered":"Verzending &#038; retourpolitiek"},"content":{"rendered":"\n<h2 class=\"wp-block-heading\">Verzending &amp; retourpolitiek<\/h2>\n\n\n\n<p>Gratis levering in Belgi\u00eb voor elke bestelling boven 500\u20ac.<br>De verzendingskosten :<\/p>\n\n\n\n<ul class=\"wp-block-list\"><li>Belgi\u00eb, Frankrijk, Luxemburg, Nederland, Verenigd Koninkrijk, Duitsland: \u20ac 10,00<\/li><li>Oostenrijk, Bulgarije, Denemarken, Spanje, Estland, Finland, Griekenland, Hongarije, Ierland, Itali\u00eb, Letland, Litouwen, Polen,Portugal, Roemeni\u00eb, Croati\u00eb, Slovakije, Sloveni\u00eb, Zweden, Tsjechi\u00eb: \u20ac 22,00<\/li><li>Rest van Europa, Canada &amp; US: \u20ac 28,00<\/li><li>Overige landen in de wereld: \u20ac 40,00<\/li><\/ul>\n\n\n\n<p>De verzendingskosten worden toegevoegd bij het afrekenen.<br>Leveringstermijnen :<\/p>\n\n\n\n<ul class=\"wp-block-list\"><li>1 tot 2 werkdagen voor Belgi\u00eb&nbsp;;<\/li><li>2 tot 10 werkdagen voor Europa ;<\/li><li>6 tot 15 werkdagen voor de rest van de wereld.<\/li><\/ul>\n\n\n\n<p>Deze termijnen worden slechts ter informatie vermeld.<br><\/p>\n\n\n\n<p>De levering van de producten vindt uitsluitend plaats tijdens de werkdagen (er wordt niet geleverd tijdens het weekend of op wettelijke feestdagen). De gebruiker wordt ervan in kennis gesteld dat elke bestelling die op vrijdagmiddag op de website wordt geplaatst, pas de daaropvolgende maandag zal worden verwerkt.<br>De levering wordt verzorgd door Bpost.<br><\/p>\n\n\n\n<p>Yuso.brussels wijst alle aansprakelijkheid af voor elke vertraging, het verlies van de bestelde producten of een staking bij de post- of transportdiensten. In deze gevallen moet de klant de nodige stappen ondernemen, rechtstreeks bij de postdiensten of de transporteur.<\/p>\n\n\n\n<h2 class=\"wp-block-heading\">Retourpolitiek<\/h2>\n\n\n\n<p>Voor elke terugname of omruiling, neem je binnen de 14 dagen na ontvangst van je bestelling, contact op met<br><a href=\"mailto:info@yuso.brussels\">info@yuso.brussels<\/a>. De klant is verantwoordelijk voor de retourkosten, tenzij het product defect is, in welk geval YUSO de retourkosten voor haar rekening neemt.<\/p>\n\n\n\n<p>Geretourneerde artikelen mogen niet worden gebruikt en moeten worden geretourneerd in de originele verpakking met accessoires, instructies en beschermhoes. Beschadigde of bevuilde retourzendingen worden niet aanvaard en kunnen worden teruggestuurd en\/of terugbetaald.<\/p>\n\n\n\n<p>De artikelen moeten worden geretourneerd vanuit het oorspronkelijke verzendingsland met het originele retourformulier. Let op: wij kunnen geen artikelen terugbetalen die zonder enige documentatie zijn verzonden.<\/p>\n","protected":false},"excerpt":{"rendered":"<p>Verzending &amp; retourpolitiek Gratis levering in Belgi\u00eb voor elke bestelling boven 500\u20ac.De verzendingskosten : Belgi\u00eb, Frankrijk, Luxemburg, Nederland, Verenigd Koninkrijk, [&hellip;]<\/p>\n","protected":false},"author":1,"featured_media":0,"parent":0,"menu_order":0,"comment_status":"closed","ping_status":"closed","template":"","meta":{"footnotes":""},"class_list":["post-907","page","type-page","status-publish","hentry"],"acf":[],"yoast_head":"<!-- This site is optimized with the Yoast SEO plugin v27.3 - https:\/\/yoast.com\/product\/yoast-seo-wordpress\/ -->\n<title>Verzending &amp; retourpolitiek -Yuso<\/title>\n<meta name=\"description\" content=\"De handtas YUSO is zoveel meer dan een accessoire: ze is het symbool van de ontmoeting tussen eeuwenoud vakmanschap en het verlangen om ...\" \/>\n<meta name=\"robots\" content=\"index, follow, max-snippet:-1, max-image-preview:large, max-video-preview:-1\" \/>\n<link rel=\"canonical\" href=\"https:\/\/yuso.brussels\/nl\/verzending-en-retourpolitiek\/\" \/>\n<meta property=\"og:locale\" content=\"nl_NL\" \/>\n<meta property=\"og:type\" content=\"article\" \/>\n<meta property=\"og:title\" content=\"Verzending &amp; retourpolitiek -Yuso\" \/>\n<meta property=\"og:description\" content=\"De handtas YUSO is zoveel meer dan een accessoire: ze is het symbool van de ontmoeting tussen eeuwenoud vakmanschap en het verlangen om ...\" \/>\n<meta property=\"og:url\" content=\"https:\/\/yuso.brussels\/nl\/verzending-en-retourpolitiek\/\" \/>\n<meta property=\"og:site_name\" content=\"Yuso\" \/>\n<meta property=\"article:modified_time\" content=\"2021-05-06T18:45:13+00:00\" \/>\n<meta name=\"twitter:card\" content=\"summary_large_image\" \/>\n<meta name=\"twitter:label1\" content=\"Geschatte leestijd\" \/>\n\t<meta name=\"twitter:data1\" content=\"2 minuten\" \/>\n<script type=\"application\/ld+json\" class=\"yoast-schema-graph\">{\"@context\":\"https:\\\/\\\/schema.org\",\"@graph\":[{\"@type\":\"WebPage\",\"@id\":\"https:\\\/\\\/yuso.brussels\\\/nl\\\/verzending-en-retourpolitiek\\\/\",\"url\":\"https:\\\/\\\/yuso.brussels\\\/nl\\\/verzending-en-retourpolitiek\\\/\",\"name\":\"Verzending & retourpolitiek -Yuso\",\"isPartOf\":{\"@id\":\"https:\\\/\\\/yuso.brussels\\\/nl\\\/#website\"},\"datePublished\":\"2021-03-10T10:47:12+00:00\",\"dateModified\":\"2021-05-06T18:45:13+00:00\",\"description\":\"De handtas YUSO is zoveel meer dan een accessoire: ze is het symbool van de ontmoeting tussen eeuwenoud vakmanschap en het verlangen om ...\",\"breadcrumb\":{\"@id\":\"https:\\\/\\\/yuso.brussels\\\/nl\\\/verzending-en-retourpolitiek\\\/#breadcrumb\"},\"inLanguage\":\"nl-NL\",\"potentialAction\":[{\"@type\":\"ReadAction\",\"target\":[\"https:\\\/\\\/yuso.brussels\\\/nl\\\/verzending-en-retourpolitiek\\\/\"]}]},{\"@type\":\"BreadcrumbList\",\"@id\":\"https:\\\/\\\/yuso.brussels\\\/nl\\\/verzending-en-retourpolitiek\\\/#breadcrumb\",\"itemListElement\":[{\"@type\":\"ListItem\",\"position\":1,\"name\":\"Accueil\",\"item\":\"https:\\\/\\\/yuso.brussels\\\/nl\\\/\"},{\"@type\":\"ListItem\",\"position\":2,\"name\":\"Verzending &#038; retourpolitiek\"}]},{\"@type\":\"WebSite\",\"@id\":\"https:\\\/\\\/yuso.brussels\\\/nl\\\/#website\",\"url\":\"https:\\\/\\\/yuso.brussels\\\/nl\\\/\",\"name\":\"Yuso\",\"description\":\"Handgemaakte handtassen gemaakt in Belgi\u00eb\",\"publisher\":{\"@id\":\"https:\\\/\\\/yuso.brussels\\\/nl\\\/#organization\"},\"potentialAction\":[{\"@type\":\"SearchAction\",\"target\":{\"@type\":\"EntryPoint\",\"urlTemplate\":\"https:\\\/\\\/yuso.brussels\\\/nl\\\/?s={search_term_string}\"},\"query-input\":{\"@type\":\"PropertyValueSpecification\",\"valueRequired\":true,\"valueName\":\"search_term_string\"}}],\"inLanguage\":\"nl-NL\"},{\"@type\":\"Organization\",\"@id\":\"https:\\\/\\\/yuso.brussels\\\/nl\\\/#organization\",\"name\":\"Yuso\",\"url\":\"https:\\\/\\\/yuso.brussels\\\/nl\\\/\",\"logo\":{\"@type\":\"ImageObject\",\"inLanguage\":\"nl-NL\",\"@id\":\"https:\\\/\\\/yuso.brussels\\\/nl\\\/#\\\/schema\\\/logo\\\/image\\\/\",\"url\":\"https:\\\/\\\/yuso.brussels\\\/wp-content\\\/uploads\\\/2021\\\/03\\\/yuso-logo-dark.svg\",\"contentUrl\":\"https:\\\/\\\/yuso.brussels\\\/wp-content\\\/uploads\\\/2021\\\/03\\\/yuso-logo-dark.svg\",\"width\":291,\"height\":246,\"caption\":\"Yuso\"},\"image\":{\"@id\":\"https:\\\/\\\/yuso.brussels\\\/nl\\\/#\\\/schema\\\/logo\\\/image\\\/\"}}]}<\/script>\n<!-- \/ Yoast SEO plugin. -->","yoast_head_json":{"title":"Verzending & retourpolitiek -Yuso","description":"De handtas YUSO is zoveel meer dan een accessoire: ze is het symbool van de ontmoeting tussen eeuwenoud vakmanschap en het verlangen om ...","robots":{"index":"index","follow":"follow","max-snippet":"max-snippet:-1","max-image-preview":"max-image-preview:large","max-video-preview":"max-video-preview:-1"},"canonical":"https:\/\/yuso.brussels\/nl\/verzending-en-retourpolitiek\/","og_locale":"nl_NL","og_type":"article","og_title":"Verzending & retourpolitiek -Yuso","og_description":"De handtas YUSO is zoveel meer dan een accessoire: ze is het symbool van de ontmoeting tussen eeuwenoud vakmanschap en het verlangen om ...","og_url":"https:\/\/yuso.brussels\/nl\/verzending-en-retourpolitiek\/","og_site_name":"Yuso","article_modified_time":"2021-05-06T18:45:13+00:00","twitter_card":"summary_large_image","twitter_misc":{"Geschatte leestijd":"2 minuten"},"schema":{"@context":"https:\/\/schema.org","@graph":[{"@type":"WebPage","@id":"https:\/\/yuso.brussels\/nl\/verzending-en-retourpolitiek\/","url":"https:\/\/yuso.brussels\/nl\/verzending-en-retourpolitiek\/","name":"Verzending & retourpolitiek -Yuso","isPartOf":{"@id":"https:\/\/yuso.brussels\/nl\/#website"},"datePublished":"2021-03-10T10:47:12+00:00","dateModified":"2021-05-06T18:45:13+00:00","description":"De handtas YUSO is zoveel meer dan een accessoire: ze is het symbool van de ontmoeting tussen eeuwenoud vakmanschap en het verlangen om ...","breadcrumb":{"@id":"https:\/\/yuso.brussels\/nl\/verzending-en-retourpolitiek\/#breadcrumb"},"inLanguage":"nl-NL","potentialAction":[{"@type":"ReadAction","target":["https:\/\/yuso.brussels\/nl\/verzending-en-retourpolitiek\/"]}]},{"@type":"BreadcrumbList","@id":"https:\/\/yuso.brussels\/nl\/verzending-en-retourpolitiek\/#breadcrumb","itemListElement":[{"@type":"ListItem","position":1,"name":"Accueil","item":"https:\/\/yuso.brussels\/nl\/"},{"@type":"ListItem","position":2,"name":"Verzending &#038; retourpolitiek"}]},{"@type":"WebSite","@id":"https:\/\/yuso.brussels\/nl\/#website","url":"https:\/\/yuso.brussels\/nl\/","name":"Yuso","description":"Handgemaakte handtassen gemaakt in Belgi\u00eb","publisher":{"@id":"https:\/\/yuso.brussels\/nl\/#organization"},"potentialAction":[{"@type":"SearchAction","target":{"@type":"EntryPoint","urlTemplate":"https:\/\/yuso.brussels\/nl\/?s={search_term_string}"},"query-input":{"@type":"PropertyValueSpecification","valueRequired":true,"valueName":"search_term_string"}}],"inLanguage":"nl-NL"},{"@type":"Organization","@id":"https:\/\/yuso.brussels\/nl\/#organization","name":"Yuso","url":"https:\/\/yuso.brussels\/nl\/","logo":{"@type":"ImageObject","inLanguage":"nl-NL","@id":"https:\/\/yuso.brussels\/nl\/#\/schema\/logo\/image\/","url":"https:\/\/yuso.brussels\/wp-content\/uploads\/2021\/03\/yuso-logo-dark.svg","contentUrl":"https:\/\/yuso.brussels\/wp-content\/uploads\/2021\/03\/yuso-logo-dark.svg","width":291,"height":246,"caption":"Yuso"},"image":{"@id":"https:\/\/yuso.brussels\/nl\/#\/schema\/logo\/image\/"}}]}},"_links":{"self":[{"href":"https:\/\/yuso.brussels\/nl\/wp-json\/wp\/v2\/pages\/907","targetHints":{"allow":["GET"]}}],"collection":[{"href":"https:\/\/yuso.brussels\/nl\/wp-json\/wp\/v2\/pages"}],"about":[{"href":"https:\/\/yuso.brussels\/nl\/wp-json\/wp\/v2\/types\/page"}],"author":[{"embeddable":true,"href":"https:\/\/yuso.brussels\/nl\/wp-json\/wp\/v2\/users\/1"}],"replies":[{"embeddable":true,"href":"https:\/\/yuso.brussels\/nl\/wp-json\/wp\/v2\/comments?post=907"}],"version-history":[{"count":2,"href":"https:\/\/yuso.brussels\/nl\/wp-json\/wp\/v2\/pages\/907\/revisions"}],"predecessor-version":[{"id":1617,"href":"https:\/\/yuso.brussels\/nl\/wp-json\/wp\/v2\/pages\/907\/revisions\/1617"}],"wp:attachment":[{"href":"https:\/\/yuso.brussels\/nl\/wp-json\/wp\/v2\/media?parent=907"}],"curies":[{"name":"wp","href":"https:\/\/api.w.org\/{rel}","templated":true}]}}